{"id":158,"date":"2026-03-21T19:29:21","date_gmt":"2026-03-21T18:29:21","guid":{"rendered":"https:\/\/aeco-energy.de\/?page_id=158"},"modified":"2026-03-21T20:24:17","modified_gmt":"2026-03-21T19:24:17","slug":"kontakt","status":"publish","type":"page","link":"https:\/\/aeco-energy.de\/en\/kontakt\/","title":{"rendered":"Contact"},"content":{"rendered":"\n<div class=\"wpcf7 no-js\" id=\"wpcf7-f170-o1\" lang=\"de-DE\" dir=\"ltr\" data-wpcf7-id=\"170\">\n<div class=\"screen-reader-response\"><p role=\"status\" aria-live=\"polite\" aria-atomic=\"true\"><\/p> <ul><\/ul><\/div>\n<form action=\"\/en\/wp-json\/wp\/v2\/pages\/158#wpcf7-f170-o1\" method=\"post\" class=\"wpcf7-form init\" aria-label=\"Kontaktformular\" novalidate=\"novalidate\" data-status=\"init\">\n<fieldset class=\"hidden-fields-container\"><input type=\"hidden\" name=\"_wpcf7\" value=\"170\" \/><input type=\"hidden\" name=\"_wpcf7_version\" value=\"6.1.5\" \/><input type=\"hidden\" name=\"_wpcf7_locale\" value=\"de_DE\" \/><input type=\"hidden\" name=\"_wpcf7_unit_tag\" value=\"wpcf7-f170-o1\" \/><input type=\"hidden\" name=\"_wpcf7_container_post\" value=\"0\" \/><input type=\"hidden\" name=\"_wpcf7_posted_data_hash\" value=\"\" \/>\n<\/fieldset>\n<p><label> Name<br \/>\n<span class=\"wpcf7-form-control-wrap\" data-name=\"your-name\"><input size=\"40\" maxlength=\"400\" class=\"wpcf7-form-control wpcf7-text wpcf7-validates-as-required\" autocomplete=\"name\" aria-required=\"true\" aria-invalid=\"false\" value=\"\" type=\"text\" name=\"your-name\" \/><\/span> <\/label>\n<\/p>\n<p><label> E-Mail-Adresse<br \/>\n<span class=\"wpcf7-form-control-wrap\" data-name=\"your-email\"><input size=\"40\" maxlength=\"400\" class=\"wpcf7-form-control wpcf7-email wpcf7-validates-as-required wpcf7-text wpcf7-validates-as-email\" autocomplete=\"email\" aria-required=\"true\" aria-invalid=\"false\" value=\"\" type=\"email\" name=\"your-email\" \/><\/span> <\/label>\n<\/p>\n<p><label> Telefonnummer<br \/>\n<span class=\"wpcf7-form-control-wrap\" data-name=\"tel-301\"><input size=\"40\" maxlength=\"400\" class=\"wpcf7-form-control wpcf7-tel wpcf7-text wpcf7-validates-as-tel\" aria-invalid=\"false\" value=\"\" type=\"tel\" name=\"tel-301\" \/><\/span> <\/label>\n<\/p>\n<p><label> Deine Nachricht (optional)<br \/>\n<span class=\"wpcf7-form-control-wrap\" data-name=\"your-message\"><textarea cols=\"40\" rows=\"10\" maxlength=\"2000\" class=\"wpcf7-form-control wpcf7-textarea\" aria-invalid=\"false\" name=\"your-message\"><\/textarea><\/span> <\/label>\n<\/p>\n<p><input class=\"wpcf7-form-control wpcf7-submit has-spinner\" type=\"submit\" value=\"Senden\" \/>\n<\/p><p style=\"display: none !important;\" class=\"akismet-fields-container\" data-prefix=\"_wpcf7_ak_\"><label>&#916;<textarea name=\"_wpcf7_ak_hp_textarea\" cols=\"45\" rows=\"8\" maxlength=\"100\"><\/textarea><\/label><input type=\"hidden\" id=\"ak_js_1\" name=\"_wpcf7_ak_js\" value=\"82\"\/><script type=\"text\/javascript\">\n\/* <![CDATA[ *\/\ndocument.getElementById( \"ak_js_1\" ).setAttribute( \"value\", ( new Date() ).getTime() );\n\/* ]]> *\/\n<\/script>\n<\/p><div class=\"wpcf7-response-output\" aria-hidden=\"true\"><\/div>\n<\/form>\n<\/div>\n\n","protected":false},"excerpt":{"rendered":"","protected":false},"author":272166735,"featured_media":0,"parent":0,"menu_order":0,"comment_status":"open","ping_status":"closed","template":"","meta":{"_crdt_document":"","advanced_seo_description":"","jetpack_seo_html_title":"","jetpack_seo_noindex":false,"footnotes":"","big_sky_generated":false},"class_list":["post-158","page","type-page","status-publish","hentry"],"jetpack_likes_enabled":true,"jetpack_sharing_enabled":true,"jetpack_shortlink":"https:\/\/wp.me\/Ph8XqS-2y","jetpack-related-posts":[{"id":25,"url":"https:\/\/aeco-energy.de\/en\/impressum\/","url_meta":{"origin":158,"position":0},"title":"Legal Notice","author":"kamyar shams","date":"March 14, 2026","format":false,"excerpt":"Angaben gem\u00e4\u00df \u00a7 5 TMG:Firma: AECO UG (haftungsbeschr\u00e4nkt)Anschrift: Alpspitzstra\u00dfe 12, 85591 Vaterstetten, DeutschlandHandelsregister: Amtsgericht M\u00fcnchen, HRB 286135 Vertreten durch:Matt Tavasoli (CEO) Kontakt:Telefon: +49 81 06998 7094Mobil: +49 152 3849 7692E-Mail: kontakt@kamyarshamsi.deWebseite: aeco-energy.de Verantwortlich f\u00fcr den Inhalt nach \u00a7 55 Abs. 2 RStV:Matt TavasoliAlpspitzstra\u00dfe 12, 85591 Vaterstetten, Deutschland Gestaltung & Medien:\u2026","rel":"","context":"Similar post","block_context":{"text":"Similar post","link":""},"img":{"alt_text":"","src":"","width":0,"height":0},"classes":[]},{"id":28,"url":"https:\/\/aeco-energy.de\/en\/datenschutz\/","url_meta":{"origin":158,"position":1},"title":"Privacy Policy","author":"kamyar shams","date":"March 14, 2026","format":false,"excerpt":"Datenschutzerkl\u00e4rung Allgemeine Hinweise Der Schutz Ihrer pers\u00f6nlichen Daten ist uns ein wichtiges Anliegen. Wir behandeln Ihre personenbezogenen Daten vertraulich und entsprechend der gesetzlichen Datenschutzvorschriften sowie dieser Datenschutzerkl\u00e4rung. Verantwortlicher Firma: AECO UG (haftungsbeschr\u00e4nkt)Anschrift: Alpspitzstra\u00dfe 12, 85591 Vaterstetten, DeutschlandE-Mail: kontakt@kamyarshamsi.deTelefon: +49 81 06998 7094 Erhebung und Speicherung personenbezogener Daten Wir erheben und\u2026","rel":"","context":"Similar post","block_context":{"text":"Similar post","link":""},"img":{"alt_text":"","src":"","width":0,"height":0},"classes":[]}],"_links":{"self":[{"href":"https:\/\/aeco-energy.de\/en\/wp-json\/wp\/v2\/pages\/158","targetHints":{"allow":["GET"]}}],"collection":[{"href":"https:\/\/aeco-energy.de\/en\/wp-json\/wp\/v2\/pages"}],"about":[{"href":"https:\/\/aeco-energy.de\/en\/wp-json\/wp\/v2\/types\/page"}],"author":[{"embeddable":true,"href":"https:\/\/aeco-energy.de\/en\/wp-json\/wp\/v2\/users\/272166735"}],"replies":[{"embeddable":true,"href":"https:\/\/aeco-energy.de\/en\/wp-json\/wp\/v2\/comments?post=158"}],"version-history":[{"count":10,"href":"https:\/\/aeco-energy.de\/en\/wp-json\/wp\/v2\/pages\/158\/revisions"}],"predecessor-version":[{"id":171,"href":"https:\/\/aeco-energy.de\/en\/wp-json\/wp\/v2\/pages\/158\/revisions\/171"}],"wp:attachment":[{"href":"https:\/\/aeco-energy.de\/en\/wp-json\/wp\/v2\/media?parent=158"}],"curies":[{"name":"wp","href":"https:\/\/api.w.org\/{rel}","templated":true}]}}